{"id":82,"date":"2024-03-03T20:55:10","date_gmt":"2024-03-03T17:55:10","guid":{"rendered":"https:\/\/safirdemo.com\/atolye\/hakkimizda\/"},"modified":"2024-09-20T14:03:14","modified_gmt":"2024-09-20T11:03:14","slug":"hakkimizda","status":"publish","type":"page","link":"https:\/\/sataturkenergy.com.tr\/wordpress\/hakkimizda\/","title":{"rendered":"Hakk\u0131m\u0131zda"},"content":{"rendered":"\n<figure class=\"wp-block-image size-large\"><img loading=\"lazy\" decoding=\"async\" width=\"1024\" height=\"683\" data-src=\"https:\/\/sataturkenergy.com.tr\/wordpress\/wp-content\/uploads\/2024\/09\/natural-gas-plant-1024x683.webp\" alt=\"\" class=\"wp-image-783 lazyload\" data-srcset=\"https:\/\/sataturkenergy.com.tr\/wordpress\/wp-content\/uploads\/2024\/09\/natural-gas-plant-1024x683.webp 1024w, https:\/\/sataturkenergy.com.tr\/wordpress\/wp-content\/uploads\/2024\/09\/natural-gas-plant-300x200.webp 300w, https:\/\/sataturkenergy.com.tr\/wordpress\/wp-content\/uploads\/2024\/09\/natural-gas-plant-768x513.webp 768w, https:\/\/sataturkenergy.com.tr\/wordpress\/wp-content\/uploads\/2024\/09\/natural-gas-plant.webp 1536w\" data-sizes=\"auto, (max-width: 1024px) 100vw, 1024px\" src=\"data:image\/gif;base64,R0lGODlhAQABAAAAACH5BAEKAAEALAAAAAABAAEAAAICTAEAOw==\" style=\"--smush-placeholder-width: 1024px; --smush-placeholder-aspect-ratio: 1024\/683;\" \/><noscript><img loading=\"lazy\" decoding=\"async\" width=\"1024\" height=\"683\" src=\"https:\/\/sataturkenergy.com.tr\/wordpress\/wp-content\/uploads\/2024\/09\/natural-gas-plant-1024x683.webp\" alt=\"\" class=\"wp-image-783\" srcset=\"https:\/\/sataturkenergy.com.tr\/wordpress\/wp-content\/uploads\/2024\/09\/natural-gas-plant-1024x683.webp 1024w, https:\/\/sataturkenergy.com.tr\/wordpress\/wp-content\/uploads\/2024\/09\/natural-gas-plant-300x200.webp 300w, https:\/\/sataturkenergy.com.tr\/wordpress\/wp-content\/uploads\/2024\/09\/natural-gas-plant-768x513.webp 768w, https:\/\/sataturkenergy.com.tr\/wordpress\/wp-content\/uploads\/2024\/09\/natural-gas-plant.webp 1536w\" sizes=\"auto, (max-width: 1024px) 100vw, 1024px\" \/><\/noscript><\/figure>\n\n\n\n<p>1989&nbsp;y\u0131l\u0131nda, &nbsp;Birle\u015fik Arap Emirlikleri\u2019nde kurulmu\u015f olan&nbsp;Satarco&nbsp;Trading LLC&nbsp;&nbsp;ile ba\u015flayan, T\u00fcrkiye\u2019de&nbsp;artan faaliyetler ve ger\u00e7ekle\u015fen projeler neticesinde kurulan&nbsp;&nbsp;<strong>SATAT\u00dcRK ENERJ\u0130&nbsp;SAN. Ve T\u0130C. LTD. \u015eT\u0130<\/strong>, &nbsp;her g\u00fc\u00e7 ve tipteki gaz t\u00fcrbinlerinin yedek par\u00e7a tedariki, planl\u0131 ve plans\u0131z t\u00fcm bak\u0131mlar\u0131, ar\u0131za, onar\u0131m ve revizyonlar\u0131, uzman ekibimiz ile en \u00fcst standartlarda Kalite Y\u00f6netim &amp; \u0130\u015f Sa\u011fl\u0131\u011f\u0131 ve G\u00fcvenli\u011fi kurallar\u0131 uygulanarak yap\u0131lmaktad\u0131r. \u00c7al\u0131\u015fmalar\u0131nda kalite, s\u00fcreklilik ve zaman\u0131nda i\u015f teslimini en \u00f6nemli \u00f6nceli\u011fi olarak kabul eden firmam\u0131z, kazand\u0131\u011f\u0131 bilgi birikimi ve tecr\u00fcbeleri ile enerji sekt\u00f6r\u00fcne hizmet vermektedir.<\/p>\n\n\n\n<p>\u00d6zellikle, Siemens SGT5-2000E (V94.2) Gaz t\u00fcrbinleri, hareketli ve sabit kanat par\u00e7alar\u0131 \u00fcretim ve yenile\u015ftirme i\u015flemi, Avrupa\u2019da bulunan, tedarik zincirimiz ve kendi kal\u0131plar\u0131m\u0131z ile rekabet\u00e7i fiyatlarla yap\u0131lmakta olup, Siemens SGT5-4000F (V94.3) Gaz t\u00fcrbinleri, hareketli ve sabit kanat par\u00e7a tedarikleri ve yenile\u015ftirme i\u015flemleri, Avrupa\u2019da bulunan \u00e7\u00f6z\u00fcm ortaklar\u0131m\u0131z ile birlikte ger\u00e7ekle\u015ftirilmektedir.<\/p>\n\n\n\n<p>T\u00fcrkiye\u2018de ve yurt d\u0131\u015f\u0131nda bir\u00e7ok projeye imza atm\u0131\u015f olan ve merkezi \u0130stanbul\u2019da bulunan&nbsp;<strong>SATAT\u00dcRK ENERJ\u0130<\/strong>, m\u00fc\u015fterilerimizin arz ve talepleri do\u011frultusunda, h\u0131zl\u0131 ve d\u00fc\u015f\u00fck maliyetli \u00e7\u00f6z\u00fcmleriyle, &nbsp;m\u00fc\u015fterilerinin gereksinimlerini ba\u015far\u0131 ile kar\u015f\u0131lamak i\u00e7in \u00e7al\u0131\u015fmaktad\u0131r. Y\u0131llar\u0131n getirdi\u011fi tecr\u00fcbe ile hizmet verdi\u011fimiz marka ve modeller;&nbsp;<strong>GE Gaz t\u00fcrbinleri<\/strong>&nbsp;( MS1002 -PGT5, MS5001, MS5002, MS6001, MS9001, PGT10),&nbsp;<strong>Siemens Gaz t\u00fcrbinleri<\/strong>&nbsp;( V94.2 (SGT5-2000E), V93.1),&nbsp;<strong>FIAT<\/strong>&nbsp;TG20 (Westinghouse W251), <strong>End\u00fcstriyel Siemens Gaz T\u00fcrbinleri<\/strong>&nbsp;(SGT100 (Typhon), SGT200 (Tornado), SGT300 (Tempest), SGT400 (Cyclone), SGT600 (GT10B)),&nbsp;<strong>Nuovo Pignone Gaz Kompres\u00f6rleri<\/strong>&nbsp;( Santrif\u00fcj ve Eksenel ( BCL, PCL, MCL, SRL, RB, VH serileri), Pistonlu (M, H, A, B, HA, HB serileri)),&nbsp;<strong>Nuovo Pignone Buhar T\u00fcrbinleri<\/strong>&nbsp;( EHNK, SC\/SAC, SNC\/SANC, MP\/MC serileri)\u2019dir.<\/p>\n\n\n\n<p><\/p>\n","protected":false},"excerpt":{"rendered":"<p>1989&nbsp;y\u0131l\u0131nda, &nbsp;Birle\u015fik Arap Emirlikleri\u2019nde kurulmu\u015f olan&nbsp;Satarco&nbsp;Trading LLC&nbsp;&nbsp;ile ba\u015flayan, T\u00fcrkiye\u2019de&nbsp;artan faaliyetler ve ger\u00e7ekle\u015fen projeler neticesinde kurulan&nbsp;&nbsp;SATAT\u00dcRK ENERJ\u0130&nbsp;SAN. Ve T\u0130C. LTD. \u015eT\u0130, &nbsp;her g\u00fc\u00e7 ve tipteki gaz t\u00fcrbinlerinin yedek par\u00e7a tedariki, planl\u0131 ve plans\u0131z t\u00fcm bak\u0131mlar\u0131, ar\u0131za, onar\u0131m ve revizyonlar\u0131, uzman ekibimiz ile en \u00fcst standartlarda Kalite Y\u00f6netim &amp; \u0130\u015f Sa\u011fl\u0131\u011f\u0131 ve G\u00fcvenli\u011fi kurallar\u0131 uygulanarak yap\u0131lmaktad\u0131r. \u00c7al\u0131\u015fmalar\u0131nda [&hellip;]<\/p>\n","protected":false},"author":1,"featured_media":0,"parent":0,"menu_order":0,"comment_status":"closed","ping_status":"closed","template":"","meta":{"_monsterinsights_skip_tracking":false,"_monsterinsights_sitenote_active":false,"_monsterinsights_sitenote_note":"","_monsterinsights_sitenote_category":0,"footnotes":""},"class_list":["post-82","page","type-page","status-publish","hentry"],"aioseo_notices":[],"jetpack_sharing_enabled":true,"_links":{"self":[{"href":"https:\/\/sataturkenergy.com.tr\/wordpress\/wp-json\/wp\/v2\/pages\/82","targetHints":{"allow":["GET"]}}],"collection":[{"href":"https:\/\/sataturkenergy.com.tr\/wordpress\/wp-json\/wp\/v2\/pages"}],"about":[{"href":"https:\/\/sataturkenergy.com.tr\/wordpress\/wp-json\/wp\/v2\/types\/page"}],"author":[{"embeddable":true,"href":"https:\/\/sataturkenergy.com.tr\/wordpress\/wp-json\/wp\/v2\/users\/1"}],"replies":[{"embeddable":true,"href":"https:\/\/sataturkenergy.com.tr\/wordpress\/wp-json\/wp\/v2\/comments?post=82"}],"version-history":[{"count":0,"href":"https:\/\/sataturkenergy.com.tr\/wordpress\/wp-json\/wp\/v2\/pages\/82\/revisions"}],"wp:attachment":[{"href":"https:\/\/sataturkenergy.com.tr\/wordpress\/wp-json\/wp\/v2\/media?parent=82"}],"curies":[{"name":"wp","href":"https:\/\/api.w.org\/{rel}","templated":true}]}}